{"id":2095,"date":"2025-04-11T13:49:50","date_gmt":"2025-04-11T11:49:50","guid":{"rendered":"https:\/\/academy.ananas.rs\/?page_id=2095"},"modified":"2025-11-27T18:29:42","modified_gmt":"2025-11-27T16:29:42","slug":"%d0%b2%d0%b8-%d0%b1%d0%bb%d0%b0%d0%b3%d0%be%d0%b4%d0%b0%d1%80%d0%b8%d0%bc%d0%b5-%d0%ba%d0%be%d0%bd%d1%82%d0%b0%d0%ba%d1%82","status":"publish","type":"page","link":"https:\/\/academy.ananas.rs\/mk\/%d0%b2%d0%b8-%d0%b1%d0%bb%d0%b0%d0%b3%d0%be%d0%b4%d0%b0%d1%80%d0%b8%d0%bc%d0%b5-%d0%ba%d0%be%d0%bd%d1%82%d0%b0%d0%ba%d1%82\/","title":{"rendered":"\u0412\u0438 \u0431\u043b\u0430\u0433\u043e\u0434\u0430\u0440\u0438\u043c\u0435 \u041a\u043e\u043d\u0442\u0430\u043a\u0442"},"content":{"rendered":"\t<section class=\"overflow-hidden relative border-b border-[#E3F1FF] editor-padding thank-you pt-12 pb-31 xl:pt-31\">\n\t\t<div class=\"container mx-auto !text-center !relative\">\n\t\t\t<div class=\"grid grid-cols-3\">\n\t\t\t\t<div class=\"col-span-3 xl:col-span-1 xl:col-start-2\">\n\t\t\t\t\t\t\t\t\t\t\t<img decoding=\"async\" class=\"m-auto object-cover !rounded-[1rem] xl:!rounded-[3rem]\" src=\"https:\/\/academy.ananas.rs\/wp-content\/uploads\/2025\/05\/success.png\" alt=\"\">\n\t\t\t\t\t\t\t\t\t\t<h3 class=\"!text-body-xl-small !font-bold !text-dark mt-5\">\u041f\u043e\u0440\u0430\u043a\u0430\u0442\u0430 \u0435 \u0438\u0441\u043f\u0440\u0430\u0442\u0435\u043d\u0430.<\/h3>\n\t\t\t\t\t<h4 class=\"!text-body !font-bold !text-dark mt-2\">\u040c\u0435 \u0432\u0435 \u043a\u043e\u043d\u0442\u0430\u043a\u0442\u0438\u0440\u0430\u043c\u0435 \u043d\u0430\u0441\u043a\u043e\u0440\u043e.<\/h4>\n\t\t\t\t\t<div class=\"!text-neutral-90 !font-normal !text-body mt-4 px-6\">\n\t\t\t\t\t\t<p>U me\u0111uvremenu mo\u017ee\u0161 baciti pogled na na\u0161 sadr\u017eaj.<\/p>\n\t\t\t\t\t<\/div>\n\t\t\t\t\t<div class=\"flex items-center justify-center flex-col gap-8 mx-auto\">\n                        \t\t\t\t\t\t<a href=\"https:\/\/academy.ananas.rs\/\" class=\"inline-block w-auto  mb-ir-md lg:mb-0 mt-4 btn ir-button-primary thank-you-button\">\u0417\u0430\u043f\u043e\u0447\u043d\u0438 \u0441\u043e \u0443\u0447\u0435\u045a\u0435.<\/a>\n\t\t\t\t\t\t                            <a class=\"!text-body !font-bold !text-pistachio-100 flex justify-center items-center  gap-2\" href=\"https:\/\/academy.ananas.rs\/mk\/\">\n\t\t\t\t\t\t\t<svg width=\"17\" height=\"16\" viewBox=\"0 0 17 16\" fill=\"none\" >\n\t\t\t\t\t\t\t\t<path d=\"M13.1666 8H3.83325\" stroke=\"#84BD00\" stroke-width=\"1.5\" stroke-linecap=\"round\" stroke-linejoin=\"round\"\/>\n\t\t\t\t\t\t\t\t<path d=\"M8.49992 12.6666L3.83325 7.99998L8.49992 3.33331\" stroke=\"#84BD00\" stroke-width=\"1.5\" stroke-linecap=\"round\" stroke-linejoin=\"round\"\/>\n\t\t\t\t\t\t\t<\/svg>\n\t\t\t\t\t\t\t<span class=\"!text-body !font-bold !text-pistachio-100 link-underline bg-[linear-gradient(transparent,transparent),linear-gradient(var(--color-pistachio-100),var(--color-pistachio-100))]\">\n\t\t\t\t\t\t\tPo\u010detna\t\t\t\t\t\t\t<\/span>\n\t\t\t\t\t\t<\/a>\n\t\t\t\t\t<\/div>\n\t\t\t\t<\/div>\n\t\t\t<\/div>\n\t\t<\/div>\n\t<\/section>\n","protected":false},"excerpt":{"rendered":"","protected":false},"author":2,"featured_media":0,"parent":0,"menu_order":0,"comment_status":"closed","ping_status":"closed","template":"","meta":{"_acf_changed":false,"footnotes":""},"class_list":["post-2095","page","type-page","status-publish","hentry"],"acf":[],"yoast_head":"<!-- This site is optimized with the Yoast SEO plugin v27.5 - https:\/\/yoast.com\/product\/yoast-seo-wordpress\/ -->\n<title>\u0412\u0438 \u0431\u043b\u0430\u0433\u043e\u0434\u0430\u0440\u0438\u043c\u0435 \u041a\u043e\u043d\u0442\u0430\u043a\u0442 - Ananas Seller Academy<\/title>\n<meta name=\"robots\" content=\"index, follow, max-snippet:-1, max-image-preview:large, max-video-preview:-1\" \/>\n<link rel=\"canonical\" href=\"https:\/\/academy.ananas.rs\/mk\/%d0%b2%d0%b8-%d0%b1%d0%bb%d0%b0%d0%b3%d0%be%d0%b4%d0%b0%d1%80%d0%b8%d0%bc%d0%b5-%d0%ba%d0%be%d0%bd%d1%82%d0%b0%d0%ba%d1%82\/\" \/>\n<meta property=\"og:locale\" content=\"mk_MK\" \/>\n<meta property=\"og:type\" content=\"article\" \/>\n<meta property=\"og:title\" content=\"\u0412\u0438 \u0431\u043b\u0430\u0433\u043e\u0434\u0430\u0440\u0438\u043c\u0435 \u041a\u043e\u043d\u0442\u0430\u043a\u0442 - Ananas Seller Academy\" \/>\n<meta property=\"og:url\" content=\"https:\/\/academy.ananas.rs\/mk\/%d0%b2%d0%b8-%d0%b1%d0%bb%d0%b0%d0%b3%d0%be%d0%b4%d0%b0%d1%80%d0%b8%d0%bc%d0%b5-%d0%ba%d0%be%d0%bd%d1%82%d0%b0%d0%ba%d1%82\/\" \/>\n<meta property=\"og:site_name\" content=\"Ananas Seller Academy\" \/>\n<meta property=\"article:modified_time\" content=\"2025-11-27T16:29:42+00:00\" \/>\n<meta name=\"twitter:card\" content=\"summary_large_image\" \/>\n<script type=\"application\/ld+json\" class=\"yoast-schema-graph\">{\"@context\":\"https:\\\/\\\/schema.org\",\"@graph\":[{\"@type\":\"WebPage\",\"@id\":\"https:\\\/\\\/academy.ananas.rs\\\/mk\\\/%d0%b2%d0%b8-%d0%b1%d0%bb%d0%b0%d0%b3%d0%be%d0%b4%d0%b0%d1%80%d0%b8%d0%bc%d0%b5-%d0%ba%d0%be%d0%bd%d1%82%d0%b0%d0%ba%d1%82\\\/\",\"url\":\"https:\\\/\\\/academy.ananas.rs\\\/mk\\\/%d0%b2%d0%b8-%d0%b1%d0%bb%d0%b0%d0%b3%d0%be%d0%b4%d0%b0%d1%80%d0%b8%d0%bc%d0%b5-%d0%ba%d0%be%d0%bd%d1%82%d0%b0%d0%ba%d1%82\\\/\",\"name\":\"\u0412\u0438 \u0431\u043b\u0430\u0433\u043e\u0434\u0430\u0440\u0438\u043c\u0435 \u041a\u043e\u043d\u0442\u0430\u043a\u0442 - Ananas Seller Academy\",\"isPartOf\":{\"@id\":\"https:\\\/\\\/academy.ananas.rs\\\/mk\\\/#website\"},\"datePublished\":\"2025-04-11T11:49:50+00:00\",\"dateModified\":\"2025-11-27T16:29:42+00:00\",\"breadcrumb\":{\"@id\":\"https:\\\/\\\/academy.ananas.rs\\\/mk\\\/%d0%b2%d0%b8-%d0%b1%d0%bb%d0%b0%d0%b3%d0%be%d0%b4%d0%b0%d1%80%d0%b8%d0%bc%d0%b5-%d0%ba%d0%be%d0%bd%d1%82%d0%b0%d0%ba%d1%82\\\/#breadcrumb\"},\"inLanguage\":\"mk-MK\",\"potentialAction\":[{\"@type\":\"ReadAction\",\"target\":[\"https:\\\/\\\/academy.ananas.rs\\\/mk\\\/%d0%b2%d0%b8-%d0%b1%d0%bb%d0%b0%d0%b3%d0%be%d0%b4%d0%b0%d1%80%d0%b8%d0%bc%d0%b5-%d0%ba%d0%be%d0%bd%d1%82%d0%b0%d0%ba%d1%82\\\/\"]}]},{\"@type\":\"BreadcrumbList\",\"@id\":\"https:\\\/\\\/academy.ananas.rs\\\/mk\\\/%d0%b2%d0%b8-%d0%b1%d0%bb%d0%b0%d0%b3%d0%be%d0%b4%d0%b0%d1%80%d0%b8%d0%bc%d0%b5-%d0%ba%d0%be%d0%bd%d1%82%d0%b0%d0%ba%d1%82\\\/#breadcrumb\",\"itemListElement\":[{\"@type\":\"ListItem\",\"position\":1,\"name\":\"Home\",\"item\":\"https:\\\/\\\/academy.ananas.rs\\\/mk\\\/\"},{\"@type\":\"ListItem\",\"position\":2,\"name\":\"\u0412\u0438 \u0431\u043b\u0430\u0433\u043e\u0434\u0430\u0440\u0438\u043c\u0435 \u041a\u043e\u043d\u0442\u0430\u043a\u0442\"}]},{\"@type\":\"WebSite\",\"@id\":\"https:\\\/\\\/academy.ananas.rs\\\/mk\\\/#website\",\"url\":\"https:\\\/\\\/academy.ananas.rs\\\/mk\\\/\",\"name\":\"Ananas Seller Academy\",\"description\":\"Ananas Seller Academy\",\"publisher\":{\"@id\":\"https:\\\/\\\/academy.ananas.rs\\\/mk\\\/#organization\"},\"potentialAction\":[{\"@type\":\"SearchAction\",\"target\":{\"@type\":\"EntryPoint\",\"urlTemplate\":\"https:\\\/\\\/academy.ananas.rs\\\/mk\\\/?s={search_term_string}\"},\"query-input\":{\"@type\":\"PropertyValueSpecification\",\"valueRequired\":true,\"valueName\":\"search_term_string\"}}],\"inLanguage\":\"mk-MK\"},{\"@type\":\"Organization\",\"@id\":\"https:\\\/\\\/academy.ananas.rs\\\/mk\\\/#organization\",\"name\":\"Ananas Seller Academy\",\"url\":\"https:\\\/\\\/academy.ananas.rs\\\/mk\\\/\",\"logo\":{\"@type\":\"ImageObject\",\"inLanguage\":\"mk-MK\",\"@id\":\"https:\\\/\\\/academy.ananas.rs\\\/mk\\\/#\\\/schema\\\/logo\\\/image\\\/\",\"url\":\"https:\\\/\\\/academy.ananas.rs\\\/wp-content\\\/uploads\\\/2025\\\/05\\\/Logo.svg\",\"contentUrl\":\"https:\\\/\\\/academy.ananas.rs\\\/wp-content\\\/uploads\\\/2025\\\/05\\\/Logo.svg\",\"width\":144,\"height\":63,\"caption\":\"Ananas Seller Academy\"},\"image\":{\"@id\":\"https:\\\/\\\/academy.ananas.rs\\\/mk\\\/#\\\/schema\\\/logo\\\/image\\\/\"}}]}<\/script>\n<!-- \/ Yoast SEO plugin. -->","yoast_head_json":{"title":"\u0412\u0438 \u0431\u043b\u0430\u0433\u043e\u0434\u0430\u0440\u0438\u043c\u0435 \u041a\u043e\u043d\u0442\u0430\u043a\u0442 - Ananas Seller Academy","robots":{"index":"index","follow":"follow","max-snippet":"max-snippet:-1","max-image-preview":"max-image-preview:large","max-video-preview":"max-video-preview:-1"},"canonical":"https:\/\/academy.ananas.rs\/mk\/%d0%b2%d0%b8-%d0%b1%d0%bb%d0%b0%d0%b3%d0%be%d0%b4%d0%b0%d1%80%d0%b8%d0%bc%d0%b5-%d0%ba%d0%be%d0%bd%d1%82%d0%b0%d0%ba%d1%82\/","og_locale":"mk_MK","og_type":"article","og_title":"\u0412\u0438 \u0431\u043b\u0430\u0433\u043e\u0434\u0430\u0440\u0438\u043c\u0435 \u041a\u043e\u043d\u0442\u0430\u043a\u0442 - Ananas Seller Academy","og_url":"https:\/\/academy.ananas.rs\/mk\/%d0%b2%d0%b8-%d0%b1%d0%bb%d0%b0%d0%b3%d0%be%d0%b4%d0%b0%d1%80%d0%b8%d0%bc%d0%b5-%d0%ba%d0%be%d0%bd%d1%82%d0%b0%d0%ba%d1%82\/","og_site_name":"Ananas Seller Academy","article_modified_time":"2025-11-27T16:29:42+00:00","twitter_card":"summary_large_image","schema":{"@context":"https:\/\/schema.org","@graph":[{"@type":"WebPage","@id":"https:\/\/academy.ananas.rs\/mk\/%d0%b2%d0%b8-%d0%b1%d0%bb%d0%b0%d0%b3%d0%be%d0%b4%d0%b0%d1%80%d0%b8%d0%bc%d0%b5-%d0%ba%d0%be%d0%bd%d1%82%d0%b0%d0%ba%d1%82\/","url":"https:\/\/academy.ananas.rs\/mk\/%d0%b2%d0%b8-%d0%b1%d0%bb%d0%b0%d0%b3%d0%be%d0%b4%d0%b0%d1%80%d0%b8%d0%bc%d0%b5-%d0%ba%d0%be%d0%bd%d1%82%d0%b0%d0%ba%d1%82\/","name":"\u0412\u0438 \u0431\u043b\u0430\u0433\u043e\u0434\u0430\u0440\u0438\u043c\u0435 \u041a\u043e\u043d\u0442\u0430\u043a\u0442 - Ananas Seller Academy","isPartOf":{"@id":"https:\/\/academy.ananas.rs\/mk\/#website"},"datePublished":"2025-04-11T11:49:50+00:00","dateModified":"2025-11-27T16:29:42+00:00","breadcrumb":{"@id":"https:\/\/academy.ananas.rs\/mk\/%d0%b2%d0%b8-%d0%b1%d0%bb%d0%b0%d0%b3%d0%be%d0%b4%d0%b0%d1%80%d0%b8%d0%bc%d0%b5-%d0%ba%d0%be%d0%bd%d1%82%d0%b0%d0%ba%d1%82\/#breadcrumb"},"inLanguage":"mk-MK","potentialAction":[{"@type":"ReadAction","target":["https:\/\/academy.ananas.rs\/mk\/%d0%b2%d0%b8-%d0%b1%d0%bb%d0%b0%d0%b3%d0%be%d0%b4%d0%b0%d1%80%d0%b8%d0%bc%d0%b5-%d0%ba%d0%be%d0%bd%d1%82%d0%b0%d0%ba%d1%82\/"]}]},{"@type":"BreadcrumbList","@id":"https:\/\/academy.ananas.rs\/mk\/%d0%b2%d0%b8-%d0%b1%d0%bb%d0%b0%d0%b3%d0%be%d0%b4%d0%b0%d1%80%d0%b8%d0%bc%d0%b5-%d0%ba%d0%be%d0%bd%d1%82%d0%b0%d0%ba%d1%82\/#breadcrumb","itemListElement":[{"@type":"ListItem","position":1,"name":"Home","item":"https:\/\/academy.ananas.rs\/mk\/"},{"@type":"ListItem","position":2,"name":"\u0412\u0438 \u0431\u043b\u0430\u0433\u043e\u0434\u0430\u0440\u0438\u043c\u0435 \u041a\u043e\u043d\u0442\u0430\u043a\u0442"}]},{"@type":"WebSite","@id":"https:\/\/academy.ananas.rs\/mk\/#website","url":"https:\/\/academy.ananas.rs\/mk\/","name":"Ananas Seller Academy","description":"Ananas Seller Academy","publisher":{"@id":"https:\/\/academy.ananas.rs\/mk\/#organization"},"potentialAction":[{"@type":"SearchAction","target":{"@type":"EntryPoint","urlTemplate":"https:\/\/academy.ananas.rs\/mk\/?s={search_term_string}"},"query-input":{"@type":"PropertyValueSpecification","valueRequired":true,"valueName":"search_term_string"}}],"inLanguage":"mk-MK"},{"@type":"Organization","@id":"https:\/\/academy.ananas.rs\/mk\/#organization","name":"Ananas Seller Academy","url":"https:\/\/academy.ananas.rs\/mk\/","logo":{"@type":"ImageObject","inLanguage":"mk-MK","@id":"https:\/\/academy.ananas.rs\/mk\/#\/schema\/logo\/image\/","url":"https:\/\/academy.ananas.rs\/wp-content\/uploads\/2025\/05\/Logo.svg","contentUrl":"https:\/\/academy.ananas.rs\/wp-content\/uploads\/2025\/05\/Logo.svg","width":144,"height":63,"caption":"Ananas Seller Academy"},"image":{"@id":"https:\/\/academy.ananas.rs\/mk\/#\/schema\/logo\/image\/"}}]}},"_links":{"self":[{"href":"https:\/\/academy.ananas.rs\/mk\/wp-json\/wp\/v2\/pages\/2095","targetHints":{"allow":["GET"]}}],"collection":[{"href":"https:\/\/academy.ananas.rs\/mk\/wp-json\/wp\/v2\/pages"}],"about":[{"href":"https:\/\/academy.ananas.rs\/mk\/wp-json\/wp\/v2\/types\/page"}],"author":[{"embeddable":true,"href":"https:\/\/academy.ananas.rs\/mk\/wp-json\/wp\/v2\/users\/2"}],"replies":[{"embeddable":true,"href":"https:\/\/academy.ananas.rs\/mk\/wp-json\/wp\/v2\/comments?post=2095"}],"version-history":[{"count":2,"href":"https:\/\/academy.ananas.rs\/mk\/wp-json\/wp\/v2\/pages\/2095\/revisions"}],"predecessor-version":[{"id":2098,"href":"https:\/\/academy.ananas.rs\/mk\/wp-json\/wp\/v2\/pages\/2095\/revisions\/2098"}],"wp:attachment":[{"href":"https:\/\/academy.ananas.rs\/mk\/wp-json\/wp\/v2\/media?parent=2095"}],"curies":[{"name":"wp","href":"https:\/\/api.w.org\/{rel}","templated":true}]}}